{"id":11456,"date":"2021-05-19T16:14:54","date_gmt":"2021-05-19T14:14:54","guid":{"rendered":"https:\/\/www.edel.fr\/?post_type=product&#038;p=11456"},"modified":"2026-04-22T03:05:52","modified_gmt":"2026-04-22T01:05:52","slug":"disque-dembrayage-fiat-organique-22-x-25-280-10-can","status":"publish","type":"product","link":"http:\/\/edelfrb.cluster028.hosting.ovh.net\/en\/product\/disque-dembrayage-fiat-organique-22-x-25-280-10-can\/","title":{"rendered":"Disque embrayage PDF organique 22&#215;25 \u2300280 10 can ep 9mm tracteur Fiat"},"content":{"rendered":"<div data-elementor-type=\"wp-post\" data-elementor-id=\"11456\" class=\"elementor elementor-11456\">\n\t\t\t\t\t\t<section class=\"elementor-section elementor-top-section elementor-element elementor-element-3c7dce73 elementor-section-boxed elementor-section-height-default elementor-section-height-default\" data-id=\"3c7dce73\" data-element_type=\"section\" data-e-type=\"section\">\n\t\t\t\t\t\t<div class=\"elementor-container elementor-column-gap-default\">\n\t\t\t\t\t<div class=\"elementor-column elementor-col-100 elementor-top-column elementor-element elementor-element-6d2d894b\" data-id=\"6d2d894b\" data-element_type=\"column\" data-e-type=\"column\">\n\t\t\t<div class=\"elementor-widget-wrap elementor-element-populated\">\n\t\t\t\t\t\t<div class=\"elementor-element elementor-element-507d7a8b elementor-widget elementor-widget-heading\" data-id=\"507d7a8b\" data-element_type=\"widget\" data-e-type=\"widget\" data-widget_type=\"heading.default\">\n\t\t\t\t<div class=\"elementor-widget-container\">\n\t\t\t\t\t<h2 class=\"elementor-heading-title elementor-size-default\">DISQUE D'EMBRAYAGE PRISE DE FORCE FIAT NEW HOLLAND ORGANIQUE\n- \u2300280 - 10 Cannelures<\/h2>\t\t\t\t<\/div>\n\t\t\t\t<\/div>\n\t\t\t\t<div class=\"elementor-element elementor-element-35c2a814 elementor-widget elementor-widget-heading\" data-id=\"35c2a814\" data-element_type=\"widget\" data-e-type=\"widget\" data-widget_type=\"heading.default\">\n\t\t\t\t<div class=\"elementor-widget-container\">\n\t\t\t\t\t<h3 class=\"elementor-heading-title elementor-size-default\">Information du produit :<\/h3>\t\t\t\t<\/div>\n\t\t\t\t<\/div>\n\t\t\t\t\t<\/div>\n\t\t<\/div>\n\t\t\t\t\t<\/div>\n\t\t<\/section>\n\t\t\t\t<section class=\"elementor-section elementor-top-section elementor-element elementor-element-290ca7d1 elementor-section-boxed elementor-section-height-default elementor-section-height-default\" data-id=\"290ca7d1\" data-element_type=\"section\" data-e-type=\"section\">\n\t\t\t\t\t\t<div class=\"elementor-container elementor-column-gap-default\">\n\t\t\t\t\t<div class=\"elementor-column elementor-col-100 elementor-top-column elementor-element elementor-element-773f35b7\" data-id=\"773f35b7\" data-element_type=\"column\" data-e-type=\"column\">\n\t\t\t<div class=\"elementor-widget-wrap elementor-element-populated\">\n\t\t\t\t\t\t<div class=\"elementor-element elementor-element-7774c225 elementor-widget elementor-widget-text-editor\" data-id=\"7774c225\" data-element_type=\"widget\" data-e-type=\"widget\" data-widget_type=\"text-editor.default\">\n\t\t\t\t<div class=\"elementor-widget-container\">\n\t\t\t\t\t\t\t\t\t<p>Moyeu : 22 X 25<\/p><p>\u00c9paisseur : 9 mm.<\/p><p>Pour un disque \u00e9quivalent avec une \u00e9paisseur de 7.5mm, voir notre disque r\u00e9f\u00e9rence <a href=\"https:\/\/www.edel.fr\/disque-dembrayage-fiat-organique-luk-22-x-25-280-10-can\/\"><b>0522811217\u00a0<\/b><\/a><\/p><p>Pour Fiat New Holland : 4030, 4230, 4430, 446, 450S, 46, 466, 474, 480, 500, 540, 550, 5546, 5566, 566, 570, 600, 6076, 640, 65, 666, 670, 7076, 8046, U533.<\/p>\t\t\t\t\t\t\t\t<\/div>\n\t\t\t\t<\/div>\n\t\t\t\t\t<\/div>\n\t\t<\/div>\n\t\t\t\t\t<\/div>\n\t\t<\/section>\n\t\t\t\t<\/div>","protected":false},"excerpt":{"rendered":"<p>DISQUE D&rsquo;EMBRAYAGE PRISE DE FORCE FIAT NEW HOLLAND ORGANIQUE &#8211; \u2300280 &#8211; 10 Cannelures Information du produit : Moyeu : 22 X 25 \u00c9paisseur : 9 mm. Pour un disque \u00e9quivalent avec une \u00e9paisseur de 7.5mm, voir notre disque r\u00e9f\u00e9rence 0522811217\u00a0 Pour Fiat New Holland : 4030, 4230, 4430, 446, 450S, 46, 466, 474, 480,<br \/><a class=\"more-link\" href=\"http:\/\/edelfrb.cluster028.hosting.ovh.net\/en\/product\/disque-dembrayage-fiat-organique-22-x-25-280-10-can\/\"><br \/>\n        Read More<span class=\"screen-reader-text\"> \u00ab\u00a0Disque embrayage PDF organique 22&#215;25 \u2300280 10 can ep 9mm tracteur Fiat\u00a0\u00bb<\/span><\/a><\/p>","protected":false},"featured_media":11662,"template":"","meta":[],"product_brand":[],"product_cat":[126,3976,119,120],"product_tag":[2499],"tracteur":[],"class_list":{"0":"post-11456","1":"product","2":"type-product","3":"status-publish","4":"has-post-thumbnail","6":"product_cat-disques-embrayage","7":"product_cat-fiat-new-holland-disque","8":"product_cat-tracteurs-agricoles","9":"product_cat-transmissions","10":"product_tag-disque-dembrayage","11":"product_shipping_class-142","12":"pa_diametre-disques-4749","13":"pa_fabriquant-selection-edel","14":"pa_marque-tracteur-fiat-new-holland","15":"pa_nombre-de-cannelures-4739","16":"pa_type-2-2998","17":"pa_type-2-1299","18":"pa_type-2-2167","19":"pa_type-2-1475","20":"pa_type-2-450s","21":"pa_type-2-2996","22":"pa_type-2-1293","23":"pa_type-2-2997","24":"pa_type-2-1167","25":"pa_type-2-1736","26":"pa_type-2-1622","27":"pa_type-2-1430","28":"pa_type-2-1481","29":"pa_type-2-1483","30":"pa_type-2-1933","31":"pa_type-2-1623","32":"pa_type-2-1740","33":"pa_type-2-2999","34":"pa_type-2-1147","35":"pa_type-2-1287","36":"pa_type-2-1624","37":"pa_type-2-1875","38":"pa_type-2-3000","39":"pa_type-2-3001","40":"pa_type-2-u533","41":"badges-style-2","43":"first","44":"instock","45":"taxable","46":"shipping-taxable","47":"purchasable","48":"product-type-simple"},"acf":[],"yoast_head":"<!-- This site is optimized with the Yoast SEO plugin v27.4 - https:\/\/yoast.com\/product\/yoast-seo-wordpress\/ -->\n<title>Disque embrayage PDF organique 22x25 \u2300280 10 can ep 9mm tracteur Fiat - Edel<\/title>\n<meta name=\"description\" content=\"Disque embrayage PDF organique 22x25 \u2300280 10 can. - Tracteur agricole FIAT SOMECA 4030 4430 474 480 500 540 550 5546 566 570 600 6076 670 7076 8046\" \/>\n<meta name=\"robots\" content=\"index, follow, max-snippet:-1, max-image-preview:large, max-video-preview:-1\" \/>\n<link rel=\"canonical\" href=\"http:\/\/edelfrb.cluster028.hosting.ovh.net\/en\/product\/disque-dembrayage-fiat-organique-22-x-25-280-10-can\/\" \/>\n<meta property=\"og:locale\" content=\"en_US\" \/>\n<meta property=\"og:type\" content=\"article\" \/>\n<meta property=\"og:title\" content=\"Disque embrayage PDF organique 22x25 \u2300280 10 can ep 9mm tracteur Fiat - Edel\" \/>\n<meta property=\"og:description\" content=\"Disque embrayage PDF organique 22x25 \u2300280 10 can. - Tracteur agricole FIAT SOMECA 4030 4430 474 480 500 540 550 5546 566 570 600 6076 670 7076 8046\" \/>\n<meta property=\"og:url\" content=\"http:\/\/edelfrb.cluster028.hosting.ovh.net\/en\/product\/disque-dembrayage-fiat-organique-22-x-25-280-10-can\/\" \/>\n<meta property=\"og:site_name\" content=\"Edel\" \/>\n<meta property=\"article:modified_time\" content=\"2026-04-22T01:05:52+00:00\" \/>\n<meta property=\"og:image\" content=\"http:\/\/edelfrb.cluster028.hosting.ovh.net\/uploads\/2021\/05\/0522809417-1.jpg\" \/>\n\t<meta property=\"og:image:width\" content=\"1512\" \/>\n\t<meta property=\"og:image:height\" content=\"1512\" \/>\n\t<meta property=\"og:image:type\" content=\"image\/jpeg\" \/>\n<meta name=\"twitter:card\" content=\"summary_large_image\" \/>\n<meta name=\"twitter:label1\" content=\"Est. reading time\" \/>\n\t<meta name=\"twitter:data1\" content=\"1 minute\" \/>\n<script type=\"application\/ld+json\" class=\"yoast-schema-graph\">{\"@context\":\"https:\\\/\\\/schema.org\",\"@graph\":[{\"@type\":\"WebPage\",\"@id\":\"http:\\\/\\\/edelfrb.cluster028.hosting.ovh.net\\\/produit\\\/disque-dembrayage-fiat-organique-22-x-25-280-10-can\\\/\",\"url\":\"http:\\\/\\\/edelfrb.cluster028.hosting.ovh.net\\\/produit\\\/disque-dembrayage-fiat-organique-22-x-25-280-10-can\\\/\",\"name\":\"Disque embrayage PDF organique 22x25 \u2300280 10 can ep 9mm tracteur Fiat - Edel\",\"isPartOf\":{\"@id\":\"http:\\\/\\\/edelfrb.cluster028.hosting.ovh.net\\\/#website\"},\"primaryImageOfPage\":{\"@id\":\"http:\\\/\\\/edelfrb.cluster028.hosting.ovh.net\\\/produit\\\/disque-dembrayage-fiat-organique-22-x-25-280-10-can\\\/#primaryimage\"},\"image\":{\"@id\":\"http:\\\/\\\/edelfrb.cluster028.hosting.ovh.net\\\/produit\\\/disque-dembrayage-fiat-organique-22-x-25-280-10-can\\\/#primaryimage\"},\"thumbnailUrl\":\"http:\\\/\\\/edelfrb.cluster028.hosting.ovh.net\\\/uploads\\\/2021\\\/05\\\/0522809417-1.jpg\",\"datePublished\":\"2021-05-19T14:14:54+00:00\",\"dateModified\":\"2026-04-22T01:05:52+00:00\",\"description\":\"Disque embrayage PDF organique 22x25 \u2300280 10 can. - Tracteur agricole FIAT SOMECA 4030 4430 474 480 500 540 550 5546 566 570 600 6076 670 7076 8046\",\"breadcrumb\":{\"@id\":\"http:\\\/\\\/edelfrb.cluster028.hosting.ovh.net\\\/produit\\\/disque-dembrayage-fiat-organique-22-x-25-280-10-can\\\/#breadcrumb\"},\"inLanguage\":\"en-US\",\"potentialAction\":[{\"@type\":\"ReadAction\",\"target\":[\"http:\\\/\\\/edelfrb.cluster028.hosting.ovh.net\\\/produit\\\/disque-dembrayage-fiat-organique-22-x-25-280-10-can\\\/\"]}]},{\"@type\":\"ImageObject\",\"inLanguage\":\"en-US\",\"@id\":\"http:\\\/\\\/edelfrb.cluster028.hosting.ovh.net\\\/produit\\\/disque-dembrayage-fiat-organique-22-x-25-280-10-can\\\/#primaryimage\",\"url\":\"http:\\\/\\\/edelfrb.cluster028.hosting.ovh.net\\\/uploads\\\/2021\\\/05\\\/0522809417-1.jpg\",\"contentUrl\":\"http:\\\/\\\/edelfrb.cluster028.hosting.ovh.net\\\/uploads\\\/2021\\\/05\\\/0522809417-1.jpg\",\"width\":1512,\"height\":1512,\"caption\":\"Disque d'embrayage Fiat organique Valeo - 22 X 25 \u2300280 - 10 Can.\"},{\"@type\":\"BreadcrumbList\",\"@id\":\"http:\\\/\\\/edelfrb.cluster028.hosting.ovh.net\\\/produit\\\/disque-dembrayage-fiat-organique-22-x-25-280-10-can\\\/#breadcrumb\",\"itemListElement\":[{\"@type\":\"ListItem\",\"position\":1,\"name\":\"Pi\u00e8ce Tracteur\",\"item\":\"http:\\\/\\\/edelfrb.cluster028.hosting.ovh.net\\\/\"},{\"@type\":\"ListItem\",\"position\":2,\"name\":\"Toutes nos pi\u00e8ces Tracteur\",\"item\":\"https:\\\/\\\/www.edel.fr\\\/en\\\/shop\\\/\"},{\"@type\":\"ListItem\",\"position\":3,\"name\":\"Disque embrayage PDF organique 22&#215;25 \u2300280 10 can ep 9mm tracteur Fiat\"}]},{\"@type\":\"WebSite\",\"@id\":\"http:\\\/\\\/edelfrb.cluster028.hosting.ovh.net\\\/#website\",\"url\":\"http:\\\/\\\/edelfrb.cluster028.hosting.ovh.net\\\/\",\"name\":\"Edel\",\"description\":\"Pi\u00e8ce d\u00e9tach\u00e9e de Tracteur Agricole\",\"publisher\":{\"@id\":\"http:\\\/\\\/edelfrb.cluster028.hosting.ovh.net\\\/#organization\"},\"potentialAction\":[{\"@type\":\"SearchAction\",\"target\":{\"@type\":\"EntryPoint\",\"urlTemplate\":\"http:\\\/\\\/edelfrb.cluster028.hosting.ovh.net\\\/?s={search_term_string}\"},\"query-input\":{\"@type\":\"PropertyValueSpecification\",\"valueRequired\":true,\"valueName\":\"search_term_string\"}}],\"inLanguage\":\"en-US\"},{\"@type\":\"Organization\",\"@id\":\"http:\\\/\\\/edelfrb.cluster028.hosting.ovh.net\\\/#organization\",\"name\":\"Edel\",\"url\":\"http:\\\/\\\/edelfrb.cluster028.hosting.ovh.net\\\/\",\"logo\":{\"@type\":\"ImageObject\",\"inLanguage\":\"en-US\",\"@id\":\"http:\\\/\\\/edelfrb.cluster028.hosting.ovh.net\\\/#\\\/schema\\\/logo\\\/image\\\/\",\"url\":\"https:\\\/\\\/www.edel.fr\\\/uploads\\\/2018\\\/11\\\/logo-edel.png\",\"contentUrl\":\"https:\\\/\\\/www.edel.fr\\\/uploads\\\/2018\\\/11\\\/logo-edel.png\",\"width\":257,\"height\":68,\"caption\":\"Edel\"},\"image\":{\"@id\":\"http:\\\/\\\/edelfrb.cluster028.hosting.ovh.net\\\/#\\\/schema\\\/logo\\\/image\\\/\"}}]}<\/script>\n<!-- \/ Yoast SEO plugin. -->","yoast_head_json":{"title":"Disque embrayage PDF organique 22x25 \u2300280 10 can ep 9mm tracteur Fiat - Edel","description":"Disque embrayage PDF organique 22x25 \u2300280 10 can. - Tracteur agricole FIAT SOMECA 4030 4430 474 480 500 540 550 5546 566 570 600 6076 670 7076 8046","robots":{"index":"index","follow":"follow","max-snippet":"max-snippet:-1","max-image-preview":"max-image-preview:large","max-video-preview":"max-video-preview:-1"},"canonical":"http:\/\/edelfrb.cluster028.hosting.ovh.net\/en\/product\/disque-dembrayage-fiat-organique-22-x-25-280-10-can\/","og_locale":"en_US","og_type":"article","og_title":"Disque embrayage PDF organique 22x25 \u2300280 10 can ep 9mm tracteur Fiat - Edel","og_description":"Disque embrayage PDF organique 22x25 \u2300280 10 can. - Tracteur agricole FIAT SOMECA 4030 4430 474 480 500 540 550 5546 566 570 600 6076 670 7076 8046","og_url":"http:\/\/edelfrb.cluster028.hosting.ovh.net\/en\/product\/disque-dembrayage-fiat-organique-22-x-25-280-10-can\/","og_site_name":"Edel","article_modified_time":"2026-04-22T01:05:52+00:00","og_image":[{"width":1512,"height":1512,"url":"http:\/\/edelfrb.cluster028.hosting.ovh.net\/uploads\/2021\/05\/0522809417-1.jpg","type":"image\/jpeg"}],"twitter_card":"summary_large_image","twitter_misc":{"Est. reading time":"1 minute"},"schema":{"@context":"https:\/\/schema.org","@graph":[{"@type":"WebPage","@id":"http:\/\/edelfrb.cluster028.hosting.ovh.net\/produit\/disque-dembrayage-fiat-organique-22-x-25-280-10-can\/","url":"http:\/\/edelfrb.cluster028.hosting.ovh.net\/produit\/disque-dembrayage-fiat-organique-22-x-25-280-10-can\/","name":"Disque embrayage PDF organique 22x25 \u2300280 10 can ep 9mm tracteur Fiat - Edel","isPartOf":{"@id":"http:\/\/edelfrb.cluster028.hosting.ovh.net\/#website"},"primaryImageOfPage":{"@id":"http:\/\/edelfrb.cluster028.hosting.ovh.net\/produit\/disque-dembrayage-fiat-organique-22-x-25-280-10-can\/#primaryimage"},"image":{"@id":"http:\/\/edelfrb.cluster028.hosting.ovh.net\/produit\/disque-dembrayage-fiat-organique-22-x-25-280-10-can\/#primaryimage"},"thumbnailUrl":"http:\/\/edelfrb.cluster028.hosting.ovh.net\/uploads\/2021\/05\/0522809417-1.jpg","datePublished":"2021-05-19T14:14:54+00:00","dateModified":"2026-04-22T01:05:52+00:00","description":"Disque embrayage PDF organique 22x25 \u2300280 10 can. - Tracteur agricole FIAT SOMECA 4030 4430 474 480 500 540 550 5546 566 570 600 6076 670 7076 8046","breadcrumb":{"@id":"http:\/\/edelfrb.cluster028.hosting.ovh.net\/produit\/disque-dembrayage-fiat-organique-22-x-25-280-10-can\/#breadcrumb"},"inLanguage":"en-US","potentialAction":[{"@type":"ReadAction","target":["http:\/\/edelfrb.cluster028.hosting.ovh.net\/produit\/disque-dembrayage-fiat-organique-22-x-25-280-10-can\/"]}]},{"@type":"ImageObject","inLanguage":"en-US","@id":"http:\/\/edelfrb.cluster028.hosting.ovh.net\/produit\/disque-dembrayage-fiat-organique-22-x-25-280-10-can\/#primaryimage","url":"http:\/\/edelfrb.cluster028.hosting.ovh.net\/uploads\/2021\/05\/0522809417-1.jpg","contentUrl":"http:\/\/edelfrb.cluster028.hosting.ovh.net\/uploads\/2021\/05\/0522809417-1.jpg","width":1512,"height":1512,"caption":"Disque d'embrayage Fiat organique Valeo - 22 X 25 \u2300280 - 10 Can."},{"@type":"BreadcrumbList","@id":"http:\/\/edelfrb.cluster028.hosting.ovh.net\/produit\/disque-dembrayage-fiat-organique-22-x-25-280-10-can\/#breadcrumb","itemListElement":[{"@type":"ListItem","position":1,"name":"Pi\u00e8ce Tracteur","item":"http:\/\/edelfrb.cluster028.hosting.ovh.net\/"},{"@type":"ListItem","position":2,"name":"Toutes nos pi\u00e8ces Tracteur","item":"https:\/\/www.edel.fr\/en\/shop\/"},{"@type":"ListItem","position":3,"name":"Disque embrayage PDF organique 22&#215;25 \u2300280 10 can ep 9mm tracteur Fiat"}]},{"@type":"WebSite","@id":"http:\/\/edelfrb.cluster028.hosting.ovh.net\/#website","url":"http:\/\/edelfrb.cluster028.hosting.ovh.net\/","name":"Edel","description":"Pi\u00e8ce d\u00e9tach\u00e9e de Tracteur Agricole","publisher":{"@id":"http:\/\/edelfrb.cluster028.hosting.ovh.net\/#organization"},"potentialAction":[{"@type":"SearchAction","target":{"@type":"EntryPoint","urlTemplate":"http:\/\/edelfrb.cluster028.hosting.ovh.net\/?s={search_term_string}"},"query-input":{"@type":"PropertyValueSpecification","valueRequired":true,"valueName":"search_term_string"}}],"inLanguage":"en-US"},{"@type":"Organization","@id":"http:\/\/edelfrb.cluster028.hosting.ovh.net\/#organization","name":"Edel","url":"http:\/\/edelfrb.cluster028.hosting.ovh.net\/","logo":{"@type":"ImageObject","inLanguage":"en-US","@id":"http:\/\/edelfrb.cluster028.hosting.ovh.net\/#\/schema\/logo\/image\/","url":"https:\/\/www.edel.fr\/uploads\/2018\/11\/logo-edel.png","contentUrl":"https:\/\/www.edel.fr\/uploads\/2018\/11\/logo-edel.png","width":257,"height":68,"caption":"Edel"},"image":{"@id":"http:\/\/edelfrb.cluster028.hosting.ovh.net\/#\/schema\/logo\/image\/"}}]}},"_links":{"self":[{"href":"http:\/\/edelfrb.cluster028.hosting.ovh.net\/en\/wp-json\/wp\/v2\/product\/11456","targetHints":{"allow":["GET"]}}],"collection":[{"href":"http:\/\/edelfrb.cluster028.hosting.ovh.net\/en\/wp-json\/wp\/v2\/product"}],"about":[{"href":"http:\/\/edelfrb.cluster028.hosting.ovh.net\/en\/wp-json\/wp\/v2\/types\/product"}],"version-history":[{"count":2,"href":"http:\/\/edelfrb.cluster028.hosting.ovh.net\/en\/wp-json\/wp\/v2\/product\/11456\/revisions"}],"predecessor-version":[{"id":18406,"href":"http:\/\/edelfrb.cluster028.hosting.ovh.net\/en\/wp-json\/wp\/v2\/product\/11456\/revisions\/18406"}],"wp:featuredmedia":[{"embeddable":true,"href":"http:\/\/edelfrb.cluster028.hosting.ovh.net\/en\/wp-json\/wp\/v2\/media\/11662"}],"wp:attachment":[{"href":"http:\/\/edelfrb.cluster028.hosting.ovh.net\/en\/wp-json\/wp\/v2\/media?parent=11456"}],"wp:term":[{"taxonomy":"product_brand","embeddable":true,"href":"http:\/\/edelfrb.cluster028.hosting.ovh.net\/en\/wp-json\/wp\/v2\/product_brand?post=11456"},{"taxonomy":"product_cat","embeddable":true,"href":"http:\/\/edelfrb.cluster028.hosting.ovh.net\/en\/wp-json\/wp\/v2\/product_cat?post=11456"},{"taxonomy":"product_tag","embeddable":true,"href":"http:\/\/edelfrb.cluster028.hosting.ovh.net\/en\/wp-json\/wp\/v2\/product_tag?post=11456"},{"taxonomy":"tracteur","embeddable":true,"href":"http:\/\/edelfrb.cluster028.hosting.ovh.net\/en\/wp-json\/wp\/v2\/tracteur?post=11456"}],"curies":[{"name":"wp","href":"https:\/\/api.w.org\/{rel}","templated":true}]}}