{"id":11669,"date":"2021-06-23T15:24:26","date_gmt":"2021-06-23T13:24:26","guid":{"rendered":"https:\/\/www.edel.fr\/?post_type=product&#038;p=11669"},"modified":"2026-04-22T03:01:04","modified_gmt":"2026-04-22T01:01:04","slug":"disque-dembrayage-fiat-massey-ferguson-35-x-40-280-14-can","status":"publish","type":"product","link":"http:\/\/edelfrb.cluster028.hosting.ovh.net\/en\/product\/disque-dembrayage-fiat-massey-ferguson-35-x-40-280-14-can\/","title":{"rendered":"Disque d&#8217;embrayage Fiat, Massey Ferguson &#8211; 35 X 40 \u2300280, 14 Can."},"content":{"rendered":"<div data-elementor-type=\"wp-post\" data-elementor-id=\"11669\" class=\"elementor elementor-11669\">\n\t\t\t\t\t\t<section class=\"elementor-section elementor-top-section elementor-element elementor-element-1c4b5119 elementor-section-boxed elementor-section-height-default elementor-section-height-default\" data-id=\"1c4b5119\" data-element_type=\"section\" data-e-type=\"section\">\n\t\t\t\t\t\t<div class=\"elementor-container elementor-column-gap-default\">\n\t\t\t\t\t<div class=\"elementor-column elementor-col-100 elementor-top-column elementor-element elementor-element-ae05d3f\" data-id=\"ae05d3f\" data-element_type=\"column\" data-e-type=\"column\">\n\t\t\t<div class=\"elementor-widget-wrap elementor-element-populated\">\n\t\t\t\t\t\t<div class=\"elementor-element elementor-element-1c39cc19 elementor-widget elementor-widget-heading\" data-id=\"1c39cc19\" data-element_type=\"widget\" data-e-type=\"widget\" data-widget_type=\"heading.default\">\n\t\t\t\t<div class=\"elementor-widget-container\">\n\t\t\t\t\t<h2 class=\"elementor-heading-title elementor-size-default\">DISQUE D'EMBRAYAGE ORGANIQUE FIAT, Massey Ferguson\n- \u2300280 - 14 Cannelures<\/h2>\t\t\t\t<\/div>\n\t\t\t\t<\/div>\n\t\t\t\t<div class=\"elementor-element elementor-element-507e44ec elementor-widget elementor-widget-heading\" data-id=\"507e44ec\" data-element_type=\"widget\" data-e-type=\"widget\" data-widget_type=\"heading.default\">\n\t\t\t\t<div class=\"elementor-widget-container\">\n\t\t\t\t\t<h3 class=\"elementor-heading-title elementor-size-default\">Information du produit :<\/h3>\t\t\t\t<\/div>\n\t\t\t\t<\/div>\n\t\t\t\t\t<\/div>\n\t\t<\/div>\n\t\t\t\t\t<\/div>\n\t\t<\/section>\n\t\t\t\t<section class=\"elementor-section elementor-top-section elementor-element elementor-element-290ca7d1 elementor-section-boxed elementor-section-height-default elementor-section-height-default\" data-id=\"290ca7d1\" data-element_type=\"section\" data-e-type=\"section\">\n\t\t\t\t\t\t<div class=\"elementor-container elementor-column-gap-default\">\n\t\t\t\t\t<div class=\"elementor-column elementor-col-100 elementor-top-column elementor-element elementor-element-773f35b7\" data-id=\"773f35b7\" data-element_type=\"column\" data-e-type=\"column\">\n\t\t\t<div class=\"elementor-widget-wrap elementor-element-populated\">\n\t\t\t\t\t\t<div class=\"elementor-element elementor-element-7774c225 elementor-widget elementor-widget-text-editor\" data-id=\"7774c225\" data-element_type=\"widget\" data-e-type=\"widget\" data-widget_type=\"text-editor.default\">\n\t\t\t\t<div class=\"elementor-widget-container\">\n\t\t\t\t\t\t\t\t\t<div>Moyeu : 35 X 40<\/div><div><p>Pour Fiat, Massey Ferguson : 154, 164, 174, 233, 234, 253, 254, 263, 264, 273, 274, 333, 353, 363, 364V, 374F, 384F, 8210<span style=\"background-color: #ffffff\">&#8230;<\/span><\/p><\/div>\t\t\t\t\t\t\t\t<\/div>\n\t\t\t\t<\/div>\n\t\t\t\t\t<\/div>\n\t\t<\/div>\n\t\t\t\t\t<\/div>\n\t\t<\/section>\n\t\t\t\t<\/div>","protected":false},"excerpt":{"rendered":"<p>DISQUE D&rsquo;EMBRAYAGE ORGANIQUE FIAT, Massey Ferguson &#8211; \u2300280 &#8211; 14 Cannelures Information du produit : Moyeu : 35 X 40 Pour Fiat, Massey Ferguson : 154, 164, 174, 233, 234, 253, 254, 263, 264, 273, 274, 333, 353, 363, 364V, 374F, 384F, 8210&#8230;<\/p>","protected":false},"featured_media":11670,"template":"","meta":[],"product_brand":[],"product_cat":[126,3976,3982,119,120],"product_tag":[2499],"tracteur":[],"class_list":{"0":"post-11669","1":"product","2":"type-product","3":"status-publish","4":"has-post-thumbnail","6":"product_cat-disques-embrayage","7":"product_cat-fiat-new-holland-disque","8":"product_cat-massey-ferguson-disque","9":"product_cat-tracteurs-agricoles","10":"product_cat-transmissions","11":"product_tag-disque-dembrayage","12":"product_shipping_class-142","13":"pa_diametre-disques-4749","14":"pa_fabriquant-luk","15":"pa_marque-tracteur-fiat-new-holland","16":"pa_marque-tracteur-massey-ferguson","17":"pa_nombre-de-cannelures-4770","18":"pa_type-2-3839","19":"pa_type-2-3840","20":"pa_type-2-2000","21":"pa_type-2-3841","22":"pa_type-2-3842","23":"pa_type-2-3843","24":"pa_type-2-3844","25":"pa_type-2-3845","26":"pa_type-2-1373","27":"pa_type-2-3846","28":"pa_type-2-1374","29":"pa_type-2-3847","30":"pa_type-2-2098","31":"pa_type-2-3848","32":"pa_type-2-364v","33":"pa_type-2-374f","34":"pa_type-2-384f","35":"pa_type-2-2075","36":"badges-style-2","38":"first","39":"outofstock","40":"taxable","41":"shipping-taxable","42":"purchasable","43":"product-type-simple"},"acf":[],"yoast_head":"<!-- This site is optimized with the Yoast SEO plugin v27.4 - https:\/\/yoast.com\/product\/yoast-seo-wordpress\/ -->\n<title>Disque d&#039;embrayage Fiat, Massey Ferguson - 35 X 40 \u2300280, 14 Can. - Edel<\/title>\n<meta name=\"description\" content=\"Disque d&#039;embrayage Fiat, Massey Ferguson - 35 X 40 Avancement organique - 25 Can. - \u2300280 - 154 164 174 233 234 253 254 263 264 273 274 333 353 363 364V 374F\" \/>\n<meta name=\"robots\" content=\"index, follow, max-snippet:-1, max-image-preview:large, max-video-preview:-1\" \/>\n<link rel=\"canonical\" href=\"http:\/\/edel.fr\/produit\/disque-dembrayage-fiat-massey-ferguson-35-x-40-280-14-can\/\" \/>\n<meta property=\"og:locale\" content=\"en_US\" \/>\n<meta property=\"og:type\" content=\"article\" \/>\n<meta property=\"og:title\" content=\"Disque d&#039;embrayage Fiat, Massey Ferguson - 35 X 40 \u2300280, 14 Can. - Edel\" \/>\n<meta property=\"og:description\" content=\"Disque d&#039;embrayage Fiat, Massey Ferguson - 35 X 40 Avancement organique - 25 Can. - \u2300280 - 154 164 174 233 234 253 254 263 264 273 274 333 353 363 364V 374F\" \/>\n<meta property=\"og:url\" content=\"http:\/\/edel.fr\/produit\/disque-dembrayage-fiat-massey-ferguson-35-x-40-280-14-can\/\" \/>\n<meta property=\"og:site_name\" content=\"Edel\" \/>\n<meta property=\"article:modified_time\" content=\"2026-04-22T01:01:04+00:00\" \/>\n<meta property=\"og:image\" content=\"http:\/\/edel.fr\/uploads\/2021\/06\/0522808517.jpg\" \/>\n\t<meta property=\"og:image:width\" content=\"1512\" \/>\n\t<meta property=\"og:image:height\" content=\"1512\" \/>\n\t<meta property=\"og:image:type\" content=\"image\/jpeg\" \/>\n<meta name=\"twitter:card\" content=\"summary_large_image\" \/>\n<meta name=\"twitter:label1\" content=\"Est. reading time\" \/>\n\t<meta name=\"twitter:data1\" content=\"1 minute\" \/>\n<script type=\"application\/ld+json\" class=\"yoast-schema-graph\">{\"@context\":\"https:\\\/\\\/schema.org\",\"@graph\":[{\"@type\":\"WebPage\",\"@id\":\"http:\\\/\\\/edel.fr\\\/produit\\\/disque-dembrayage-fiat-massey-ferguson-35-x-40-280-14-can\\\/\",\"url\":\"http:\\\/\\\/edel.fr\\\/produit\\\/disque-dembrayage-fiat-massey-ferguson-35-x-40-280-14-can\\\/\",\"name\":\"Disque d'embrayage Fiat, Massey Ferguson - 35 X 40 \u2300280, 14 Can. - Edel\",\"isPartOf\":{\"@id\":\"http:\\\/\\\/edelfrb.cluster028.hosting.ovh.net\\\/#website\"},\"primaryImageOfPage\":{\"@id\":\"http:\\\/\\\/edel.fr\\\/produit\\\/disque-dembrayage-fiat-massey-ferguson-35-x-40-280-14-can\\\/#primaryimage\"},\"image\":{\"@id\":\"http:\\\/\\\/edel.fr\\\/produit\\\/disque-dembrayage-fiat-massey-ferguson-35-x-40-280-14-can\\\/#primaryimage\"},\"thumbnailUrl\":\"http:\\\/\\\/edelfrb.cluster028.hosting.ovh.net\\\/uploads\\\/2021\\\/06\\\/0522808517.jpg\",\"datePublished\":\"2021-06-23T13:24:26+00:00\",\"dateModified\":\"2026-04-22T01:01:04+00:00\",\"description\":\"Disque d'embrayage Fiat, Massey Ferguson - 35 X 40 Avancement organique - 25 Can. - \u2300280 - 154 164 174 233 234 253 254 263 264 273 274 333 353 363 364V 374F\",\"breadcrumb\":{\"@id\":\"http:\\\/\\\/edel.fr\\\/produit\\\/disque-dembrayage-fiat-massey-ferguson-35-x-40-280-14-can\\\/#breadcrumb\"},\"inLanguage\":\"en-US\",\"potentialAction\":[{\"@type\":\"ReadAction\",\"target\":[\"http:\\\/\\\/edel.fr\\\/produit\\\/disque-dembrayage-fiat-massey-ferguson-35-x-40-280-14-can\\\/\"]}]},{\"@type\":\"ImageObject\",\"inLanguage\":\"en-US\",\"@id\":\"http:\\\/\\\/edel.fr\\\/produit\\\/disque-dembrayage-fiat-massey-ferguson-35-x-40-280-14-can\\\/#primaryimage\",\"url\":\"http:\\\/\\\/edelfrb.cluster028.hosting.ovh.net\\\/uploads\\\/2021\\\/06\\\/0522808517.jpg\",\"contentUrl\":\"http:\\\/\\\/edelfrb.cluster028.hosting.ovh.net\\\/uploads\\\/2021\\\/06\\\/0522808517.jpg\",\"width\":1512,\"height\":1512,\"caption\":\"Disque d'embrayage Fiat, Massey Ferguson - 35 X 40 \u2300280, 14 Can.\"},{\"@type\":\"BreadcrumbList\",\"@id\":\"http:\\\/\\\/edel.fr\\\/produit\\\/disque-dembrayage-fiat-massey-ferguson-35-x-40-280-14-can\\\/#breadcrumb\",\"itemListElement\":[{\"@type\":\"ListItem\",\"position\":1,\"name\":\"Pi\u00e8ce Tracteur\",\"item\":\"http:\\\/\\\/edelfrb.cluster028.hosting.ovh.net\\\/\"},{\"@type\":\"ListItem\",\"position\":2,\"name\":\"Toutes nos pi\u00e8ces Tracteur\",\"item\":\"https:\\\/\\\/www.edel.fr\\\/en\\\/shop\\\/\"},{\"@type\":\"ListItem\",\"position\":3,\"name\":\"Disque d&#8217;embrayage Fiat, Massey Ferguson &#8211; 35 X 40 \u2300280, 14 Can.\"}]},{\"@type\":\"WebSite\",\"@id\":\"http:\\\/\\\/edelfrb.cluster028.hosting.ovh.net\\\/#website\",\"url\":\"http:\\\/\\\/edelfrb.cluster028.hosting.ovh.net\\\/\",\"name\":\"Edel\",\"description\":\"Pi\u00e8ce d\u00e9tach\u00e9e de Tracteur Agricole\",\"publisher\":{\"@id\":\"http:\\\/\\\/edelfrb.cluster028.hosting.ovh.net\\\/#organization\"},\"potentialAction\":[{\"@type\":\"SearchAction\",\"target\":{\"@type\":\"EntryPoint\",\"urlTemplate\":\"http:\\\/\\\/edelfrb.cluster028.hosting.ovh.net\\\/?s={search_term_string}\"},\"query-input\":{\"@type\":\"PropertyValueSpecification\",\"valueRequired\":true,\"valueName\":\"search_term_string\"}}],\"inLanguage\":\"en-US\"},{\"@type\":\"Organization\",\"@id\":\"http:\\\/\\\/edelfrb.cluster028.hosting.ovh.net\\\/#organization\",\"name\":\"Edel\",\"url\":\"http:\\\/\\\/edelfrb.cluster028.hosting.ovh.net\\\/\",\"logo\":{\"@type\":\"ImageObject\",\"inLanguage\":\"en-US\",\"@id\":\"http:\\\/\\\/edelfrb.cluster028.hosting.ovh.net\\\/#\\\/schema\\\/logo\\\/image\\\/\",\"url\":\"https:\\\/\\\/www.edel.fr\\\/uploads\\\/2018\\\/11\\\/logo-edel.png\",\"contentUrl\":\"https:\\\/\\\/www.edel.fr\\\/uploads\\\/2018\\\/11\\\/logo-edel.png\",\"width\":257,\"height\":68,\"caption\":\"Edel\"},\"image\":{\"@id\":\"http:\\\/\\\/edelfrb.cluster028.hosting.ovh.net\\\/#\\\/schema\\\/logo\\\/image\\\/\"}}]}<\/script>\n<!-- \/ Yoast SEO plugin. -->","yoast_head_json":{"title":"Disque d'embrayage Fiat, Massey Ferguson - 35 X 40 \u2300280, 14 Can. - Edel","description":"Disque d'embrayage Fiat, Massey Ferguson - 35 X 40 Avancement organique - 25 Can. - \u2300280 - 154 164 174 233 234 253 254 263 264 273 274 333 353 363 364V 374F","robots":{"index":"index","follow":"follow","max-snippet":"max-snippet:-1","max-image-preview":"max-image-preview:large","max-video-preview":"max-video-preview:-1"},"canonical":"http:\/\/edel.fr\/produit\/disque-dembrayage-fiat-massey-ferguson-35-x-40-280-14-can\/","og_locale":"en_US","og_type":"article","og_title":"Disque d'embrayage Fiat, Massey Ferguson - 35 X 40 \u2300280, 14 Can. - Edel","og_description":"Disque d'embrayage Fiat, Massey Ferguson - 35 X 40 Avancement organique - 25 Can. - \u2300280 - 154 164 174 233 234 253 254 263 264 273 274 333 353 363 364V 374F","og_url":"http:\/\/edel.fr\/produit\/disque-dembrayage-fiat-massey-ferguson-35-x-40-280-14-can\/","og_site_name":"Edel","article_modified_time":"2026-04-22T01:01:04+00:00","og_image":[{"width":1512,"height":1512,"url":"http:\/\/edel.fr\/uploads\/2021\/06\/0522808517.jpg","type":"image\/jpeg"}],"twitter_card":"summary_large_image","twitter_misc":{"Est. reading time":"1 minute"},"schema":{"@context":"https:\/\/schema.org","@graph":[{"@type":"WebPage","@id":"http:\/\/edel.fr\/produit\/disque-dembrayage-fiat-massey-ferguson-35-x-40-280-14-can\/","url":"http:\/\/edel.fr\/produit\/disque-dembrayage-fiat-massey-ferguson-35-x-40-280-14-can\/","name":"Disque d'embrayage Fiat, Massey Ferguson - 35 X 40 \u2300280, 14 Can. - Edel","isPartOf":{"@id":"http:\/\/edelfrb.cluster028.hosting.ovh.net\/#website"},"primaryImageOfPage":{"@id":"http:\/\/edel.fr\/produit\/disque-dembrayage-fiat-massey-ferguson-35-x-40-280-14-can\/#primaryimage"},"image":{"@id":"http:\/\/edel.fr\/produit\/disque-dembrayage-fiat-massey-ferguson-35-x-40-280-14-can\/#primaryimage"},"thumbnailUrl":"http:\/\/edelfrb.cluster028.hosting.ovh.net\/uploads\/2021\/06\/0522808517.jpg","datePublished":"2021-06-23T13:24:26+00:00","dateModified":"2026-04-22T01:01:04+00:00","description":"Disque d'embrayage Fiat, Massey Ferguson - 35 X 40 Avancement organique - 25 Can. - \u2300280 - 154 164 174 233 234 253 254 263 264 273 274 333 353 363 364V 374F","breadcrumb":{"@id":"http:\/\/edel.fr\/produit\/disque-dembrayage-fiat-massey-ferguson-35-x-40-280-14-can\/#breadcrumb"},"inLanguage":"en-US","potentialAction":[{"@type":"ReadAction","target":["http:\/\/edel.fr\/produit\/disque-dembrayage-fiat-massey-ferguson-35-x-40-280-14-can\/"]}]},{"@type":"ImageObject","inLanguage":"en-US","@id":"http:\/\/edel.fr\/produit\/disque-dembrayage-fiat-massey-ferguson-35-x-40-280-14-can\/#primaryimage","url":"http:\/\/edelfrb.cluster028.hosting.ovh.net\/uploads\/2021\/06\/0522808517.jpg","contentUrl":"http:\/\/edelfrb.cluster028.hosting.ovh.net\/uploads\/2021\/06\/0522808517.jpg","width":1512,"height":1512,"caption":"Disque d'embrayage Fiat, Massey Ferguson - 35 X 40 \u2300280, 14 Can."},{"@type":"BreadcrumbList","@id":"http:\/\/edel.fr\/produit\/disque-dembrayage-fiat-massey-ferguson-35-x-40-280-14-can\/#breadcrumb","itemListElement":[{"@type":"ListItem","position":1,"name":"Pi\u00e8ce Tracteur","item":"http:\/\/edelfrb.cluster028.hosting.ovh.net\/"},{"@type":"ListItem","position":2,"name":"Toutes nos pi\u00e8ces Tracteur","item":"https:\/\/www.edel.fr\/en\/shop\/"},{"@type":"ListItem","position":3,"name":"Disque d&#8217;embrayage Fiat, Massey Ferguson &#8211; 35 X 40 \u2300280, 14 Can."}]},{"@type":"WebSite","@id":"http:\/\/edelfrb.cluster028.hosting.ovh.net\/#website","url":"http:\/\/edelfrb.cluster028.hosting.ovh.net\/","name":"Edel","description":"Pi\u00e8ce d\u00e9tach\u00e9e de Tracteur Agricole","publisher":{"@id":"http:\/\/edelfrb.cluster028.hosting.ovh.net\/#organization"},"potentialAction":[{"@type":"SearchAction","target":{"@type":"EntryPoint","urlTemplate":"http:\/\/edelfrb.cluster028.hosting.ovh.net\/?s={search_term_string}"},"query-input":{"@type":"PropertyValueSpecification","valueRequired":true,"valueName":"search_term_string"}}],"inLanguage":"en-US"},{"@type":"Organization","@id":"http:\/\/edelfrb.cluster028.hosting.ovh.net\/#organization","name":"Edel","url":"http:\/\/edelfrb.cluster028.hosting.ovh.net\/","logo":{"@type":"ImageObject","inLanguage":"en-US","@id":"http:\/\/edelfrb.cluster028.hosting.ovh.net\/#\/schema\/logo\/image\/","url":"https:\/\/www.edel.fr\/uploads\/2018\/11\/logo-edel.png","contentUrl":"https:\/\/www.edel.fr\/uploads\/2018\/11\/logo-edel.png","width":257,"height":68,"caption":"Edel"},"image":{"@id":"http:\/\/edelfrb.cluster028.hosting.ovh.net\/#\/schema\/logo\/image\/"}}]}},"_links":{"self":[{"href":"http:\/\/edelfrb.cluster028.hosting.ovh.net\/en\/wp-json\/wp\/v2\/product\/11669","targetHints":{"allow":["GET"]}}],"collection":[{"href":"http:\/\/edelfrb.cluster028.hosting.ovh.net\/en\/wp-json\/wp\/v2\/product"}],"about":[{"href":"http:\/\/edelfrb.cluster028.hosting.ovh.net\/en\/wp-json\/wp\/v2\/types\/product"}],"version-history":[{"count":2,"href":"http:\/\/edelfrb.cluster028.hosting.ovh.net\/en\/wp-json\/wp\/v2\/product\/11669\/revisions"}],"predecessor-version":[{"id":14658,"href":"http:\/\/edelfrb.cluster028.hosting.ovh.net\/en\/wp-json\/wp\/v2\/product\/11669\/revisions\/14658"}],"wp:featuredmedia":[{"embeddable":true,"href":"http:\/\/edelfrb.cluster028.hosting.ovh.net\/en\/wp-json\/wp\/v2\/media\/11670"}],"wp:attachment":[{"href":"http:\/\/edelfrb.cluster028.hosting.ovh.net\/en\/wp-json\/wp\/v2\/media?parent=11669"}],"wp:term":[{"taxonomy":"product_brand","embeddable":true,"href":"http:\/\/edelfrb.cluster028.hosting.ovh.net\/en\/wp-json\/wp\/v2\/product_brand?post=11669"},{"taxonomy":"product_cat","embeddable":true,"href":"http:\/\/edelfrb.cluster028.hosting.ovh.net\/en\/wp-json\/wp\/v2\/product_cat?post=11669"},{"taxonomy":"product_tag","embeddable":true,"href":"http:\/\/edelfrb.cluster028.hosting.ovh.net\/en\/wp-json\/wp\/v2\/product_tag?post=11669"},{"taxonomy":"tracteur","embeddable":true,"href":"http:\/\/edelfrb.cluster028.hosting.ovh.net\/en\/wp-json\/wp\/v2\/tracteur?post=11669"}],"curies":[{"name":"wp","href":"https:\/\/api.w.org\/{rel}","templated":true}]}}