{"id":7682,"date":"2020-10-26T14:30:46","date_gmt":"2020-10-26T13:30:46","guid":{"rendered":"https:\/\/www.edel.fr\/?post_type=product&#038;p=7682"},"modified":"2026-04-22T03:00:53","modified_gmt":"2026-04-22T01:00:53","slug":"pompe-hydraulique-0510525348","status":"publish","type":"product","link":"http:\/\/edelfrb.cluster028.hosting.ovh.net\/en\/product\/pompe-hydraulique-0510525348\/","title":{"rendered":"Fiat Pompe Hydraulique Tracteur : 0510525348 &#8211; 45.66 466 500 680"},"content":{"rendered":"<div data-elementor-type=\"wp-post\" data-elementor-id=\"7682\" class=\"elementor elementor-7682\">\n\t\t\t\t\t\t<section class=\"elementor-section elementor-top-section elementor-element elementor-element-17e6000a elementor-section-boxed elementor-section-height-default elementor-section-height-default\" data-id=\"17e6000a\" data-element_type=\"section\" data-e-type=\"section\">\n\t\t\t\t\t\t<div class=\"elementor-container elementor-column-gap-default\">\n\t\t\t\t\t<div class=\"elementor-column elementor-col-100 elementor-top-column elementor-element elementor-element-5e360385\" data-id=\"5e360385\" data-element_type=\"column\" data-e-type=\"column\">\n\t\t\t<div class=\"elementor-widget-wrap elementor-element-populated\">\n\t\t\t\t\t\t<div class=\"elementor-element elementor-element-3b7b7250 elementor-widget elementor-widget-heading\" data-id=\"3b7b7250\" data-element_type=\"widget\" data-e-type=\"widget\" data-widget_type=\"heading.default\">\n\t\t\t\t<div class=\"elementor-widget-container\">\n\t\t\t\t\t<h2 class=\"elementor-heading-title elementor-size-default\">POMPE HYDRAULIQUE SIMPLE FIAT<\/h2>\t\t\t\t<\/div>\n\t\t\t\t<\/div>\n\t\t\t\t<div class=\"elementor-element elementor-element-70546899 elementor-widget elementor-widget-heading\" data-id=\"70546899\" data-element_type=\"widget\" data-e-type=\"widget\" data-widget_type=\"heading.default\">\n\t\t\t\t<div class=\"elementor-widget-container\">\n\t\t\t\t\t<h3 class=\"elementor-heading-title elementor-size-default\">Information du produit :<\/h3>\t\t\t\t<\/div>\n\t\t\t\t<\/div>\n\t\t\t\t\t<\/div>\n\t\t<\/div>\n\t\t\t\t\t<\/div>\n\t\t<\/section>\n\t\t\t\t<section class=\"elementor-section elementor-top-section elementor-element elementor-element-290ca7d1 elementor-section-boxed elementor-section-height-default elementor-section-height-default\" data-id=\"290ca7d1\" data-element_type=\"section\" data-e-type=\"section\">\n\t\t\t\t\t\t<div class=\"elementor-container elementor-column-gap-default\">\n\t\t\t\t\t<div class=\"elementor-column elementor-col-100 elementor-top-column elementor-element elementor-element-773f35b7\" data-id=\"773f35b7\" data-element_type=\"column\" data-e-type=\"column\">\n\t\t\t<div class=\"elementor-widget-wrap elementor-element-populated\">\n\t\t\t\t\t\t<div class=\"elementor-element elementor-element-7774c225 elementor-widget elementor-widget-text-editor\" data-id=\"7774c225\" data-element_type=\"widget\" data-e-type=\"widget\" data-widget_type=\"text-editor.default\">\n\t\t\t\t<div class=\"elementor-widget-container\">\n\t\t\t\t\t\t\t\t\t<p>Marque origine Bosch Rexroth<\/p><div><ul><li><b>\u00c9quivalen<\/b><strong>t\u00a0\u00e0<\/strong> <strong>:<\/strong> <br \/>&#8211; A 31 X<br \/>&#8211; 5129.483<br \/>&#8211; 1930068<br \/>&#8211; 0510.525.348<\/li><\/ul><div>Type : 45.66, 466, 500, 55.66, 55.88, 566, 60.66, 60.88, 615, 666, 680, 70.66, 70.88, 715, 766, 780, 80.66, 80.88, DB 1210, DB 1494, DB 1694, URSUS<\/div><\/div>\t\t\t\t\t\t\t\t<\/div>\n\t\t\t\t<\/div>\n\t\t\t\t\t<\/div>\n\t\t<\/div>\n\t\t\t\t\t<\/div>\n\t\t<\/section>\n\t\t\t\t<\/div>","protected":false},"excerpt":{"rendered":"<p>POMPE HYDRAULIQUE SIMPLE FIAT Information du produit : Marque origine Bosch Rexroth \u00c9quivalent\u00a0\u00e0 : &#8211; A 31 X &#8211; 5129.483 &#8211; 1930068 &#8211; 0510.525.348 Type : 45.66, 466, 500, 55.66, 55.88, 566, 60.66, 60.88, 615, 666, 680, 70.66, 70.88, 715, 766, 780, 80.66, 80.88, DB 1210, DB 1494, DB 1694, URSUS<\/p>","protected":false},"featured_media":7690,"template":"","meta":[],"product_brand":[],"product_cat":[155,3988,167,119],"product_tag":[],"tracteur":[],"class_list":{"0":"post-7682","1":"product","2":"type-product","3":"status-publish","4":"has-post-thumbnail","6":"product_cat-hydraulique","7":"product_cat-pompe-hydraulique-fiat-new-holland","8":"product_cat-pompes-hydrauliques","9":"product_cat-tracteurs-agricoles","10":"product_shipping_class-142","11":"pa_fabriquant-bosch","12":"pa_marque-tracteur-fiat-new-holland","13":"pa_type-2-45-66","14":"pa_type-2-1293","15":"pa_type-2-1736","16":"pa_type-2-55-66","17":"pa_type-2-55-88","18":"pa_type-2-1933","19":"pa_type-2-60-66","20":"pa_type-2-60-88","21":"pa_type-2-1427","22":"pa_type-2-1624","23":"pa_type-2-1169","24":"pa_type-2-70-66","25":"pa_type-2-70-88","26":"pa_type-2-1876","27":"pa_type-2-1625","28":"pa_type-2-1170","29":"pa_type-2-80-66","30":"pa_type-2-80-88","31":"pa_type-2-db-1210","32":"pa_type-2-db-1494","33":"pa_type-2-db-1694","34":"pa_type-2-ursus","35":"badges-style-2","37":"first","38":"outofstock","39":"taxable","40":"shipping-taxable","41":"purchasable","42":"product-type-simple"},"acf":[],"yoast_head":"<!-- This site is optimized with the Yoast SEO plugin v27.4 - https:\/\/yoast.com\/product\/yoast-seo-wordpress\/ -->\n<title>Fiat Pompe Hydraulique Tracteur : 0510525348 - 45.66 466 500 680 - Edel<\/title>\n<meta name=\"description\" content=\"Fiat Pompe Hydraulique Tracteur - Bosch - 45.66 466 500 55.66 55.88 566 60.66 60.88 615 666 680 70.66 70.88 715 766 780 80.66 80.88 DB 1210 DB 1494 DB 1694 URSUS\" \/>\n<meta name=\"robots\" content=\"index, follow, max-snippet:-1, max-image-preview:large, max-video-preview:-1\" \/>\n<link rel=\"canonical\" href=\"http:\/\/www.edel.fr\/produit\/pompe-hydraulique-0510525348\/\" \/>\n<meta property=\"og:locale\" content=\"en_US\" \/>\n<meta property=\"og:type\" content=\"article\" \/>\n<meta property=\"og:title\" content=\"Fiat Pompe Hydraulique Tracteur : 0510525348 - 45.66 466 500 680 - Edel\" \/>\n<meta property=\"og:description\" content=\"Fiat Pompe Hydraulique Tracteur - Bosch - 45.66 466 500 55.66 55.88 566 60.66 60.88 615 666 680 70.66 70.88 715 766 780 80.66 80.88 DB 1210 DB 1494 DB 1694 URSUS\" \/>\n<meta property=\"og:url\" content=\"http:\/\/www.edel.fr\/produit\/pompe-hydraulique-0510525348\/\" \/>\n<meta property=\"og:site_name\" content=\"Edel\" \/>\n<meta property=\"article:modified_time\" content=\"2026-04-22T01:00:53+00:00\" \/>\n<meta property=\"og:image\" content=\"http:\/\/www.edel.fr\/uploads\/2020\/10\/hydraulique-0510525348.jpg\" \/>\n\t<meta property=\"og:image:width\" content=\"1512\" \/>\n\t<meta property=\"og:image:height\" content=\"1301\" \/>\n\t<meta property=\"og:image:type\" content=\"image\/jpeg\" \/>\n<meta name=\"twitter:card\" content=\"summary_large_image\" \/>\n<meta name=\"twitter:label1\" content=\"Est. reading time\" \/>\n\t<meta name=\"twitter:data1\" content=\"1 minute\" \/>\n<script type=\"application\/ld+json\" class=\"yoast-schema-graph\">{\"@context\":\"https:\\\/\\\/schema.org\",\"@graph\":[{\"@type\":\"WebPage\",\"@id\":\"http:\\\/\\\/www.edel.fr\\\/produit\\\/pompe-hydraulique-0510525348\\\/\",\"url\":\"http:\\\/\\\/www.edel.fr\\\/produit\\\/pompe-hydraulique-0510525348\\\/\",\"name\":\"Fiat Pompe Hydraulique Tracteur : 0510525348 - 45.66 466 500 680 - Edel\",\"isPartOf\":{\"@id\":\"https:\\\/\\\/www.edel.fr\\\/#website\"},\"primaryImageOfPage\":{\"@id\":\"http:\\\/\\\/www.edel.fr\\\/produit\\\/pompe-hydraulique-0510525348\\\/#primaryimage\"},\"image\":{\"@id\":\"http:\\\/\\\/www.edel.fr\\\/produit\\\/pompe-hydraulique-0510525348\\\/#primaryimage\"},\"thumbnailUrl\":\"http:\\\/\\\/edelfrb.cluster028.hosting.ovh.net\\\/uploads\\\/2020\\\/10\\\/hydraulique-0510525348.jpg\",\"datePublished\":\"2020-10-26T13:30:46+00:00\",\"dateModified\":\"2026-04-22T01:00:53+00:00\",\"description\":\"Fiat Pompe Hydraulique Tracteur - Bosch - 45.66 466 500 55.66 55.88 566 60.66 60.88 615 666 680 70.66 70.88 715 766 780 80.66 80.88 DB 1210 DB 1494 DB 1694 URSUS\",\"breadcrumb\":{\"@id\":\"http:\\\/\\\/www.edel.fr\\\/produit\\\/pompe-hydraulique-0510525348\\\/#breadcrumb\"},\"inLanguage\":\"en-US\",\"potentialAction\":[{\"@type\":\"ReadAction\",\"target\":[\"http:\\\/\\\/www.edel.fr\\\/produit\\\/pompe-hydraulique-0510525348\\\/\"]}]},{\"@type\":\"ImageObject\",\"inLanguage\":\"en-US\",\"@id\":\"http:\\\/\\\/www.edel.fr\\\/produit\\\/pompe-hydraulique-0510525348\\\/#primaryimage\",\"url\":\"http:\\\/\\\/edelfrb.cluster028.hosting.ovh.net\\\/uploads\\\/2020\\\/10\\\/hydraulique-0510525348.jpg\",\"contentUrl\":\"http:\\\/\\\/edelfrb.cluster028.hosting.ovh.net\\\/uploads\\\/2020\\\/10\\\/hydraulique-0510525348.jpg\",\"width\":1512,\"height\":1301,\"caption\":\"Pompe Hydraulique 0510525348\"},{\"@type\":\"BreadcrumbList\",\"@id\":\"http:\\\/\\\/www.edel.fr\\\/produit\\\/pompe-hydraulique-0510525348\\\/#breadcrumb\",\"itemListElement\":[{\"@type\":\"ListItem\",\"position\":1,\"name\":\"Pi\u00e8ce Tracteur\",\"item\":\"https:\\\/\\\/www.edel.fr\\\/\"},{\"@type\":\"ListItem\",\"position\":2,\"name\":\"Toutes nos pi\u00e8ces Tracteur\",\"item\":\"https:\\\/\\\/www.edel.fr\\\/shop\\\/\"},{\"@type\":\"ListItem\",\"position\":3,\"name\":\"Fiat Pompe Hydraulique Tracteur : 0510525348 &#8211; 45.66 466 500 680\"}]},{\"@type\":\"WebSite\",\"@id\":\"https:\\\/\\\/www.edel.fr\\\/#website\",\"url\":\"https:\\\/\\\/www.edel.fr\\\/\",\"name\":\"Edel\",\"description\":\"Pi\u00e8ce d\u00e9tach\u00e9e de Tracteur Agricole\",\"publisher\":{\"@id\":\"https:\\\/\\\/www.edel.fr\\\/#organization\"},\"potentialAction\":[{\"@type\":\"SearchAction\",\"target\":{\"@type\":\"EntryPoint\",\"urlTemplate\":\"https:\\\/\\\/www.edel.fr\\\/?s={search_term_string}\"},\"query-input\":{\"@type\":\"PropertyValueSpecification\",\"valueRequired\":true,\"valueName\":\"search_term_string\"}}],\"inLanguage\":\"en-US\"},{\"@type\":\"Organization\",\"@id\":\"https:\\\/\\\/www.edel.fr\\\/#organization\",\"name\":\"Edel\",\"url\":\"https:\\\/\\\/www.edel.fr\\\/\",\"logo\":{\"@type\":\"ImageObject\",\"inLanguage\":\"en-US\",\"@id\":\"https:\\\/\\\/www.edel.fr\\\/#\\\/schema\\\/logo\\\/image\\\/\",\"url\":\"https:\\\/\\\/www.edel.fr\\\/uploads\\\/2018\\\/11\\\/logo-edel.png\",\"contentUrl\":\"https:\\\/\\\/www.edel.fr\\\/uploads\\\/2018\\\/11\\\/logo-edel.png\",\"width\":257,\"height\":68,\"caption\":\"Edel\"},\"image\":{\"@id\":\"https:\\\/\\\/www.edel.fr\\\/#\\\/schema\\\/logo\\\/image\\\/\"}}]}<\/script>\n<!-- \/ Yoast SEO plugin. -->","yoast_head_json":{"title":"Fiat Pompe Hydraulique Tracteur : 0510525348 - 45.66 466 500 680 - Edel","description":"Fiat Pompe Hydraulique Tracteur - Bosch - 45.66 466 500 55.66 55.88 566 60.66 60.88 615 666 680 70.66 70.88 715 766 780 80.66 80.88 DB 1210 DB 1494 DB 1694 URSUS","robots":{"index":"index","follow":"follow","max-snippet":"max-snippet:-1","max-image-preview":"max-image-preview:large","max-video-preview":"max-video-preview:-1"},"canonical":"http:\/\/www.edel.fr\/produit\/pompe-hydraulique-0510525348\/","og_locale":"en_US","og_type":"article","og_title":"Fiat Pompe Hydraulique Tracteur : 0510525348 - 45.66 466 500 680 - Edel","og_description":"Fiat Pompe Hydraulique Tracteur - Bosch - 45.66 466 500 55.66 55.88 566 60.66 60.88 615 666 680 70.66 70.88 715 766 780 80.66 80.88 DB 1210 DB 1494 DB 1694 URSUS","og_url":"http:\/\/www.edel.fr\/produit\/pompe-hydraulique-0510525348\/","og_site_name":"Edel","article_modified_time":"2026-04-22T01:00:53+00:00","og_image":[{"width":1512,"height":1301,"url":"http:\/\/www.edel.fr\/uploads\/2020\/10\/hydraulique-0510525348.jpg","type":"image\/jpeg"}],"twitter_card":"summary_large_image","twitter_misc":{"Est. reading time":"1 minute"},"schema":{"@context":"https:\/\/schema.org","@graph":[{"@type":"WebPage","@id":"http:\/\/www.edel.fr\/produit\/pompe-hydraulique-0510525348\/","url":"http:\/\/www.edel.fr\/produit\/pompe-hydraulique-0510525348\/","name":"Fiat Pompe Hydraulique Tracteur : 0510525348 - 45.66 466 500 680 - Edel","isPartOf":{"@id":"https:\/\/www.edel.fr\/#website"},"primaryImageOfPage":{"@id":"http:\/\/www.edel.fr\/produit\/pompe-hydraulique-0510525348\/#primaryimage"},"image":{"@id":"http:\/\/www.edel.fr\/produit\/pompe-hydraulique-0510525348\/#primaryimage"},"thumbnailUrl":"http:\/\/edelfrb.cluster028.hosting.ovh.net\/uploads\/2020\/10\/hydraulique-0510525348.jpg","datePublished":"2020-10-26T13:30:46+00:00","dateModified":"2026-04-22T01:00:53+00:00","description":"Fiat Pompe Hydraulique Tracteur - Bosch - 45.66 466 500 55.66 55.88 566 60.66 60.88 615 666 680 70.66 70.88 715 766 780 80.66 80.88 DB 1210 DB 1494 DB 1694 URSUS","breadcrumb":{"@id":"http:\/\/www.edel.fr\/produit\/pompe-hydraulique-0510525348\/#breadcrumb"},"inLanguage":"en-US","potentialAction":[{"@type":"ReadAction","target":["http:\/\/www.edel.fr\/produit\/pompe-hydraulique-0510525348\/"]}]},{"@type":"ImageObject","inLanguage":"en-US","@id":"http:\/\/www.edel.fr\/produit\/pompe-hydraulique-0510525348\/#primaryimage","url":"http:\/\/edelfrb.cluster028.hosting.ovh.net\/uploads\/2020\/10\/hydraulique-0510525348.jpg","contentUrl":"http:\/\/edelfrb.cluster028.hosting.ovh.net\/uploads\/2020\/10\/hydraulique-0510525348.jpg","width":1512,"height":1301,"caption":"Pompe Hydraulique 0510525348"},{"@type":"BreadcrumbList","@id":"http:\/\/www.edel.fr\/produit\/pompe-hydraulique-0510525348\/#breadcrumb","itemListElement":[{"@type":"ListItem","position":1,"name":"Pi\u00e8ce Tracteur","item":"https:\/\/www.edel.fr\/"},{"@type":"ListItem","position":2,"name":"Toutes nos pi\u00e8ces Tracteur","item":"https:\/\/www.edel.fr\/shop\/"},{"@type":"ListItem","position":3,"name":"Fiat Pompe Hydraulique Tracteur : 0510525348 &#8211; 45.66 466 500 680"}]},{"@type":"WebSite","@id":"https:\/\/www.edel.fr\/#website","url":"https:\/\/www.edel.fr\/","name":"Edel","description":"Pi\u00e8ce d\u00e9tach\u00e9e de Tracteur Agricole","publisher":{"@id":"https:\/\/www.edel.fr\/#organization"},"potentialAction":[{"@type":"SearchAction","target":{"@type":"EntryPoint","urlTemplate":"https:\/\/www.edel.fr\/?s={search_term_string}"},"query-input":{"@type":"PropertyValueSpecification","valueRequired":true,"valueName":"search_term_string"}}],"inLanguage":"en-US"},{"@type":"Organization","@id":"https:\/\/www.edel.fr\/#organization","name":"Edel","url":"https:\/\/www.edel.fr\/","logo":{"@type":"ImageObject","inLanguage":"en-US","@id":"https:\/\/www.edel.fr\/#\/schema\/logo\/image\/","url":"https:\/\/www.edel.fr\/uploads\/2018\/11\/logo-edel.png","contentUrl":"https:\/\/www.edel.fr\/uploads\/2018\/11\/logo-edel.png","width":257,"height":68,"caption":"Edel"},"image":{"@id":"https:\/\/www.edel.fr\/#\/schema\/logo\/image\/"}}]}},"_links":{"self":[{"href":"http:\/\/edelfrb.cluster028.hosting.ovh.net\/en\/wp-json\/wp\/v2\/product\/7682","targetHints":{"allow":["GET"]}}],"collection":[{"href":"http:\/\/edelfrb.cluster028.hosting.ovh.net\/en\/wp-json\/wp\/v2\/product"}],"about":[{"href":"http:\/\/edelfrb.cluster028.hosting.ovh.net\/en\/wp-json\/wp\/v2\/types\/product"}],"version-history":[{"count":2,"href":"http:\/\/edelfrb.cluster028.hosting.ovh.net\/en\/wp-json\/wp\/v2\/product\/7682\/revisions"}],"predecessor-version":[{"id":13608,"href":"http:\/\/edelfrb.cluster028.hosting.ovh.net\/en\/wp-json\/wp\/v2\/product\/7682\/revisions\/13608"}],"wp:featuredmedia":[{"embeddable":true,"href":"http:\/\/edelfrb.cluster028.hosting.ovh.net\/en\/wp-json\/wp\/v2\/media\/7690"}],"wp:attachment":[{"href":"http:\/\/edelfrb.cluster028.hosting.ovh.net\/en\/wp-json\/wp\/v2\/media?parent=7682"}],"wp:term":[{"taxonomy":"product_brand","embeddable":true,"href":"http:\/\/edelfrb.cluster028.hosting.ovh.net\/en\/wp-json\/wp\/v2\/product_brand?post=7682"},{"taxonomy":"product_cat","embeddable":true,"href":"http:\/\/edelfrb.cluster028.hosting.ovh.net\/en\/wp-json\/wp\/v2\/product_cat?post=7682"},{"taxonomy":"product_tag","embeddable":true,"href":"http:\/\/edelfrb.cluster028.hosting.ovh.net\/en\/wp-json\/wp\/v2\/product_tag?post=7682"},{"taxonomy":"tracteur","embeddable":true,"href":"http:\/\/edelfrb.cluster028.hosting.ovh.net\/en\/wp-json\/wp\/v2\/tracteur?post=7682"}],"curies":[{"name":"wp","href":"https:\/\/api.w.org\/{rel}","templated":true}]}}