{"id":9490,"date":"2020-12-15T16:19:54","date_gmt":"2020-12-15T15:19:54","guid":{"rendered":"https:\/\/www.edel.fr\/?post_type=product&#038;p=9490"},"modified":"2026-04-22T03:00:44","modified_gmt":"2026-04-22T01:00:44","slug":"disque-dembrayage-case-ih-g250-manitou","status":"publish","type":"product","link":"http:\/\/edelfrb.cluster028.hosting.ovh.net\/en\/product\/disque-dembrayage-case-ih-g250-manitou\/","title":{"rendered":"Disque d&#8217;embrayage Case IH &#8211; G250, Manitou"},"content":{"rendered":"<div data-elementor-type=\"wp-post\" data-elementor-id=\"9490\" class=\"elementor elementor-9490\">\n\t\t\t\t\t\t<section class=\"elementor-section elementor-top-section elementor-element elementor-element-5e11743d elementor-section-boxed elementor-section-height-default elementor-section-height-default\" data-id=\"5e11743d\" data-element_type=\"section\" data-e-type=\"section\">\n\t\t\t\t\t\t<div class=\"elementor-container elementor-column-gap-default\">\n\t\t\t\t\t<div class=\"elementor-column elementor-col-100 elementor-top-column elementor-element elementor-element-2d905c5f\" data-id=\"2d905c5f\" data-element_type=\"column\" data-e-type=\"column\">\n\t\t\t<div class=\"elementor-widget-wrap elementor-element-populated\">\n\t\t\t\t\t\t<div class=\"elementor-element elementor-element-337a3a97 elementor-widget elementor-widget-heading\" data-id=\"337a3a97\" data-element_type=\"widget\" data-e-type=\"widget\" data-widget_type=\"heading.default\">\n\t\t\t\t<div class=\"elementor-widget-container\">\n\t\t\t\t\t<h2 class=\"elementor-heading-title elementor-size-default\">DISQUE D'EMBRAYAGE ORGANIQUE CASE IH\n- \u2300250 <\/h2>\t\t\t\t<\/div>\n\t\t\t\t<\/div>\n\t\t\t\t<div class=\"elementor-element elementor-element-2cc0ed16 elementor-widget elementor-widget-heading\" data-id=\"2cc0ed16\" data-element_type=\"widget\" data-e-type=\"widget\" data-widget_type=\"heading.default\">\n\t\t\t\t<div class=\"elementor-widget-container\">\n\t\t\t\t\t<h3 class=\"elementor-heading-title elementor-size-default\">Information du produit :<\/h3>\t\t\t\t<\/div>\n\t\t\t\t<\/div>\n\t\t\t\t\t<\/div>\n\t\t<\/div>\n\t\t\t\t\t<\/div>\n\t\t<\/section>\n\t\t\t\t<section class=\"elementor-section elementor-top-section elementor-element elementor-element-290ca7d1 elementor-section-boxed elementor-section-height-default elementor-section-height-default\" data-id=\"290ca7d1\" data-element_type=\"section\" data-e-type=\"section\">\n\t\t\t\t\t\t<div class=\"elementor-container elementor-column-gap-default\">\n\t\t\t\t\t<div class=\"elementor-column elementor-col-100 elementor-top-column elementor-element elementor-element-773f35b7\" data-id=\"773f35b7\" data-element_type=\"column\" data-e-type=\"column\">\n\t\t\t<div class=\"elementor-widget-wrap elementor-element-populated\">\n\t\t\t\t\t\t<div class=\"elementor-element elementor-element-7774c225 elementor-widget elementor-widget-text-editor\" data-id=\"7774c225\" data-element_type=\"widget\" data-e-type=\"widget\" data-widget_type=\"text-editor.default\">\n\t\t\t\t<div class=\"elementor-widget-container\">\n\t\t\t\t\t\t\t\t\t<div>Moyeu : 22 x 25<\/div><div><p>Pour Case IH : 353, 383, 423, 453, 4RM 25, IH 2520, IH 2525, IH 2530 S, MB20, MB24, MB25, MB30, RM 250<span style=\"background-color: #ffffff\">&#8230;<\/span><\/p><\/div>\t\t\t\t\t\t\t\t<\/div>\n\t\t\t\t<\/div>\n\t\t\t\t\t<\/div>\n\t\t<\/div>\n\t\t\t\t\t<\/div>\n\t\t<\/section>\n\t\t\t\t<\/div>","protected":false},"excerpt":{"rendered":"<p>DISQUE D&rsquo;EMBRAYAGE ORGANIQUE CASE IH &#8211; \u2300250 Information du produit : Moyeu : 22 x 25 Pour Case IH : 353, 383, 423, 453, 4RM 25, IH 2520, IH 2525, IH 2530 S, MB20, MB24, MB25, MB30, RM 250&#8230;<\/p>","protected":false},"featured_media":11294,"template":"","meta":[],"product_brand":[],"product_cat":[126,3972,119,120],"product_tag":[2499],"tracteur":[],"class_list":{"0":"post-9490","1":"product","2":"type-product","3":"status-publish","4":"has-post-thumbnail","6":"product_cat-disques-embrayage","7":"product_cat-case-ih-disque","8":"product_cat-tracteurs-agricoles","9":"product_cat-transmissions","10":"product_tag-disque-dembrayage","11":"product_shipping_class-142","12":"pa_diametre-disques-4787","13":"pa_fabriquant-kawe","14":"pa_marque-tracteur-case-ih","15":"pa_modele-tracteur-g250","16":"pa_modele-tracteur-manitou","17":"pa_nombre-de-cannelures-4757","18":"pa_type-2-2098","19":"pa_type-2-2099","20":"pa_type-2-1421","21":"pa_type-2-1218","22":"pa_type-2-4rm-25","23":"pa_type-2-ih-2520","24":"pa_type-2-ih-2525","25":"pa_type-2-ih-2530-s","26":"pa_type-2-mb20","27":"pa_type-2-mb24","28":"pa_type-2-mb25","29":"pa_type-2-mb30","30":"pa_type-2-rm-250","31":"badges-style-2","33":"first","34":"instock","35":"taxable","36":"shipping-taxable","37":"purchasable","38":"product-type-simple"},"acf":[],"yoast_head":"<!-- This site is optimized with the Yoast SEO plugin v27.4 - https:\/\/yoast.com\/product\/yoast-seo-wordpress\/ -->\n<title>Disque d&#039;embrayage Case IH - G250, Manitou - Edel<\/title>\n<meta name=\"description\" content=\"Disque d&#039;embrayage Case IH - 25,7 x 13 - 353 383 423 453 4RM 25 IH 2520 IH 2525 IH 2530 S MB20 MB24 MB25 MB30 RM 250 - G250, Manitou\" \/>\n<meta name=\"robots\" content=\"index, follow, max-snippet:-1, max-image-preview:large, max-video-preview:-1\" \/>\n<link rel=\"canonical\" href=\"https:\/\/www.edel.fr\/produit\/disque-dembrayage-case-ih-g250-manitou\/\" \/>\n<meta property=\"og:locale\" content=\"en_US\" \/>\n<meta property=\"og:type\" content=\"article\" \/>\n<meta property=\"og:title\" content=\"Disque d&#039;embrayage Case IH - G250, Manitou - Edel\" \/>\n<meta property=\"og:description\" content=\"Disque d&#039;embrayage Case IH - 25,7 x 13 - 353 383 423 453 4RM 25 IH 2520 IH 2525 IH 2530 S MB20 MB24 MB25 MB30 RM 250 - G250, Manitou\" \/>\n<meta property=\"og:url\" content=\"https:\/\/www.edel.fr\/produit\/disque-dembrayage-case-ih-g250-manitou\/\" \/>\n<meta property=\"og:site_name\" content=\"Edel\" \/>\n<meta property=\"article:modified_time\" content=\"2026-04-22T01:00:44+00:00\" \/>\n<meta property=\"og:image\" content=\"https:\/\/www.edel.fr\/uploads\/2020\/12\/0122505417.jpg\" \/>\n\t<meta property=\"og:image:width\" content=\"1512\" \/>\n\t<meta property=\"og:image:height\" content=\"1679\" \/>\n\t<meta property=\"og:image:type\" content=\"image\/jpeg\" \/>\n<meta name=\"twitter:card\" content=\"summary_large_image\" \/>\n<meta name=\"twitter:label1\" content=\"Est. reading time\" \/>\n\t<meta name=\"twitter:data1\" content=\"1 minute\" \/>\n<script type=\"application\/ld+json\" class=\"yoast-schema-graph\">{\"@context\":\"https:\\\/\\\/schema.org\",\"@graph\":[{\"@type\":\"WebPage\",\"@id\":\"https:\\\/\\\/www.edel.fr\\\/produit\\\/disque-dembrayage-case-ih-g250-manitou\\\/\",\"url\":\"https:\\\/\\\/www.edel.fr\\\/produit\\\/disque-dembrayage-case-ih-g250-manitou\\\/\",\"name\":\"Disque d'embrayage Case IH - G250, Manitou - Edel\",\"isPartOf\":{\"@id\":\"https:\\\/\\\/www.edel.fr\\\/#website\"},\"primaryImageOfPage\":{\"@id\":\"https:\\\/\\\/www.edel.fr\\\/produit\\\/disque-dembrayage-case-ih-g250-manitou\\\/#primaryimage\"},\"image\":{\"@id\":\"https:\\\/\\\/www.edel.fr\\\/produit\\\/disque-dembrayage-case-ih-g250-manitou\\\/#primaryimage\"},\"thumbnailUrl\":\"http:\\\/\\\/edelfrb.cluster028.hosting.ovh.net\\\/uploads\\\/2020\\\/12\\\/0122505417.jpg\",\"datePublished\":\"2020-12-15T15:19:54+00:00\",\"dateModified\":\"2026-04-22T01:00:44+00:00\",\"description\":\"Disque d'embrayage Case IH - 25,7 x 13 - 353 383 423 453 4RM 25 IH 2520 IH 2525 IH 2530 S MB20 MB24 MB25 MB30 RM 250 - G250, Manitou\",\"breadcrumb\":{\"@id\":\"https:\\\/\\\/www.edel.fr\\\/produit\\\/disque-dembrayage-case-ih-g250-manitou\\\/#breadcrumb\"},\"inLanguage\":\"en-US\",\"potentialAction\":[{\"@type\":\"ReadAction\",\"target\":[\"https:\\\/\\\/www.edel.fr\\\/produit\\\/disque-dembrayage-case-ih-g250-manitou\\\/\"]}]},{\"@type\":\"ImageObject\",\"inLanguage\":\"en-US\",\"@id\":\"https:\\\/\\\/www.edel.fr\\\/produit\\\/disque-dembrayage-case-ih-g250-manitou\\\/#primaryimage\",\"url\":\"http:\\\/\\\/edelfrb.cluster028.hosting.ovh.net\\\/uploads\\\/2020\\\/12\\\/0122505417.jpg\",\"contentUrl\":\"http:\\\/\\\/edelfrb.cluster028.hosting.ovh.net\\\/uploads\\\/2020\\\/12\\\/0122505417.jpg\",\"width\":1512,\"height\":1679,\"caption\":\"Disque d'embrayage Case IH - G250, Manitou\"},{\"@type\":\"BreadcrumbList\",\"@id\":\"https:\\\/\\\/www.edel.fr\\\/produit\\\/disque-dembrayage-case-ih-g250-manitou\\\/#breadcrumb\",\"itemListElement\":[{\"@type\":\"ListItem\",\"position\":1,\"name\":\"Pi\u00e8ce Tracteur\",\"item\":\"https:\\\/\\\/www.edel.fr\\\/\"},{\"@type\":\"ListItem\",\"position\":2,\"name\":\"Toutes nos pi\u00e8ces Tracteur\",\"item\":\"https:\\\/\\\/www.edel.fr\\\/shop\\\/\"},{\"@type\":\"ListItem\",\"position\":3,\"name\":\"Disque d&#8217;embrayage Case IH &#8211; G250, Manitou\"}]},{\"@type\":\"WebSite\",\"@id\":\"https:\\\/\\\/www.edel.fr\\\/#website\",\"url\":\"https:\\\/\\\/www.edel.fr\\\/\",\"name\":\"Edel\",\"description\":\"Pi\u00e8ce d\u00e9tach\u00e9e de Tracteur Agricole\",\"publisher\":{\"@id\":\"https:\\\/\\\/www.edel.fr\\\/#organization\"},\"potentialAction\":[{\"@type\":\"SearchAction\",\"target\":{\"@type\":\"EntryPoint\",\"urlTemplate\":\"https:\\\/\\\/www.edel.fr\\\/?s={search_term_string}\"},\"query-input\":{\"@type\":\"PropertyValueSpecification\",\"valueRequired\":true,\"valueName\":\"search_term_string\"}}],\"inLanguage\":\"en-US\"},{\"@type\":\"Organization\",\"@id\":\"https:\\\/\\\/www.edel.fr\\\/#organization\",\"name\":\"Edel\",\"url\":\"https:\\\/\\\/www.edel.fr\\\/\",\"logo\":{\"@type\":\"ImageObject\",\"inLanguage\":\"en-US\",\"@id\":\"https:\\\/\\\/www.edel.fr\\\/#\\\/schema\\\/logo\\\/image\\\/\",\"url\":\"https:\\\/\\\/www.edel.fr\\\/uploads\\\/2018\\\/11\\\/logo-edel.png\",\"contentUrl\":\"https:\\\/\\\/www.edel.fr\\\/uploads\\\/2018\\\/11\\\/logo-edel.png\",\"width\":257,\"height\":68,\"caption\":\"Edel\"},\"image\":{\"@id\":\"https:\\\/\\\/www.edel.fr\\\/#\\\/schema\\\/logo\\\/image\\\/\"}}]}<\/script>\n<!-- \/ Yoast SEO plugin. -->","yoast_head_json":{"title":"Disque d'embrayage Case IH - G250, Manitou - Edel","description":"Disque d'embrayage Case IH - 25,7 x 13 - 353 383 423 453 4RM 25 IH 2520 IH 2525 IH 2530 S MB20 MB24 MB25 MB30 RM 250 - G250, Manitou","robots":{"index":"index","follow":"follow","max-snippet":"max-snippet:-1","max-image-preview":"max-image-preview:large","max-video-preview":"max-video-preview:-1"},"canonical":"https:\/\/www.edel.fr\/produit\/disque-dembrayage-case-ih-g250-manitou\/","og_locale":"en_US","og_type":"article","og_title":"Disque d'embrayage Case IH - G250, Manitou - Edel","og_description":"Disque d'embrayage Case IH - 25,7 x 13 - 353 383 423 453 4RM 25 IH 2520 IH 2525 IH 2530 S MB20 MB24 MB25 MB30 RM 250 - G250, Manitou","og_url":"https:\/\/www.edel.fr\/produit\/disque-dembrayage-case-ih-g250-manitou\/","og_site_name":"Edel","article_modified_time":"2026-04-22T01:00:44+00:00","og_image":[{"width":1512,"height":1679,"url":"https:\/\/www.edel.fr\/uploads\/2020\/12\/0122505417.jpg","type":"image\/jpeg"}],"twitter_card":"summary_large_image","twitter_misc":{"Est. reading time":"1 minute"},"schema":{"@context":"https:\/\/schema.org","@graph":[{"@type":"WebPage","@id":"https:\/\/www.edel.fr\/produit\/disque-dembrayage-case-ih-g250-manitou\/","url":"https:\/\/www.edel.fr\/produit\/disque-dembrayage-case-ih-g250-manitou\/","name":"Disque d'embrayage Case IH - G250, Manitou - Edel","isPartOf":{"@id":"https:\/\/www.edel.fr\/#website"},"primaryImageOfPage":{"@id":"https:\/\/www.edel.fr\/produit\/disque-dembrayage-case-ih-g250-manitou\/#primaryimage"},"image":{"@id":"https:\/\/www.edel.fr\/produit\/disque-dembrayage-case-ih-g250-manitou\/#primaryimage"},"thumbnailUrl":"http:\/\/edelfrb.cluster028.hosting.ovh.net\/uploads\/2020\/12\/0122505417.jpg","datePublished":"2020-12-15T15:19:54+00:00","dateModified":"2026-04-22T01:00:44+00:00","description":"Disque d'embrayage Case IH - 25,7 x 13 - 353 383 423 453 4RM 25 IH 2520 IH 2525 IH 2530 S MB20 MB24 MB25 MB30 RM 250 - G250, Manitou","breadcrumb":{"@id":"https:\/\/www.edel.fr\/produit\/disque-dembrayage-case-ih-g250-manitou\/#breadcrumb"},"inLanguage":"en-US","potentialAction":[{"@type":"ReadAction","target":["https:\/\/www.edel.fr\/produit\/disque-dembrayage-case-ih-g250-manitou\/"]}]},{"@type":"ImageObject","inLanguage":"en-US","@id":"https:\/\/www.edel.fr\/produit\/disque-dembrayage-case-ih-g250-manitou\/#primaryimage","url":"http:\/\/edelfrb.cluster028.hosting.ovh.net\/uploads\/2020\/12\/0122505417.jpg","contentUrl":"http:\/\/edelfrb.cluster028.hosting.ovh.net\/uploads\/2020\/12\/0122505417.jpg","width":1512,"height":1679,"caption":"Disque d'embrayage Case IH - G250, Manitou"},{"@type":"BreadcrumbList","@id":"https:\/\/www.edel.fr\/produit\/disque-dembrayage-case-ih-g250-manitou\/#breadcrumb","itemListElement":[{"@type":"ListItem","position":1,"name":"Pi\u00e8ce Tracteur","item":"https:\/\/www.edel.fr\/"},{"@type":"ListItem","position":2,"name":"Toutes nos pi\u00e8ces Tracteur","item":"https:\/\/www.edel.fr\/shop\/"},{"@type":"ListItem","position":3,"name":"Disque d&#8217;embrayage Case IH &#8211; G250, Manitou"}]},{"@type":"WebSite","@id":"https:\/\/www.edel.fr\/#website","url":"https:\/\/www.edel.fr\/","name":"Edel","description":"Pi\u00e8ce d\u00e9tach\u00e9e de Tracteur Agricole","publisher":{"@id":"https:\/\/www.edel.fr\/#organization"},"potentialAction":[{"@type":"SearchAction","target":{"@type":"EntryPoint","urlTemplate":"https:\/\/www.edel.fr\/?s={search_term_string}"},"query-input":{"@type":"PropertyValueSpecification","valueRequired":true,"valueName":"search_term_string"}}],"inLanguage":"en-US"},{"@type":"Organization","@id":"https:\/\/www.edel.fr\/#organization","name":"Edel","url":"https:\/\/www.edel.fr\/","logo":{"@type":"ImageObject","inLanguage":"en-US","@id":"https:\/\/www.edel.fr\/#\/schema\/logo\/image\/","url":"https:\/\/www.edel.fr\/uploads\/2018\/11\/logo-edel.png","contentUrl":"https:\/\/www.edel.fr\/uploads\/2018\/11\/logo-edel.png","width":257,"height":68,"caption":"Edel"},"image":{"@id":"https:\/\/www.edel.fr\/#\/schema\/logo\/image\/"}}]}},"_links":{"self":[{"href":"http:\/\/edelfrb.cluster028.hosting.ovh.net\/en\/wp-json\/wp\/v2\/product\/9490","targetHints":{"allow":["GET"]}}],"collection":[{"href":"http:\/\/edelfrb.cluster028.hosting.ovh.net\/en\/wp-json\/wp\/v2\/product"}],"about":[{"href":"http:\/\/edelfrb.cluster028.hosting.ovh.net\/en\/wp-json\/wp\/v2\/types\/product"}],"version-history":[{"count":2,"href":"http:\/\/edelfrb.cluster028.hosting.ovh.net\/en\/wp-json\/wp\/v2\/product\/9490\/revisions"}],"predecessor-version":[{"id":14650,"href":"http:\/\/edelfrb.cluster028.hosting.ovh.net\/en\/wp-json\/wp\/v2\/product\/9490\/revisions\/14650"}],"wp:featuredmedia":[{"embeddable":true,"href":"http:\/\/edelfrb.cluster028.hosting.ovh.net\/en\/wp-json\/wp\/v2\/media\/11294"}],"wp:attachment":[{"href":"http:\/\/edelfrb.cluster028.hosting.ovh.net\/en\/wp-json\/wp\/v2\/media?parent=9490"}],"wp:term":[{"taxonomy":"product_brand","embeddable":true,"href":"http:\/\/edelfrb.cluster028.hosting.ovh.net\/en\/wp-json\/wp\/v2\/product_brand?post=9490"},{"taxonomy":"product_cat","embeddable":true,"href":"http:\/\/edelfrb.cluster028.hosting.ovh.net\/en\/wp-json\/wp\/v2\/product_cat?post=9490"},{"taxonomy":"product_tag","embeddable":true,"href":"http:\/\/edelfrb.cluster028.hosting.ovh.net\/en\/wp-json\/wp\/v2\/product_tag?post=9490"},{"taxonomy":"tracteur","embeddable":true,"href":"http:\/\/edelfrb.cluster028.hosting.ovh.net\/en\/wp-json\/wp\/v2\/tracteur?post=9490"}],"curies":[{"name":"wp","href":"https:\/\/api.w.org\/{rel}","templated":true}]}}